{"id":113,"date":"2025-08-07T13:10:52","date_gmt":"2025-08-07T13:10:52","guid":{"rendered":"https:\/\/hakan.oguzhansenyigit.com\/?page_id=113"},"modified":"2025-08-07T19:33:17","modified_gmt":"2025-08-07T19:33:17","slug":"hakkimizda","status":"publish","type":"page","link":"https:\/\/hakan.oguzhansenyigit.com\/index.php\/hakkimizda\/","title":{"rendered":"Hakk\u0131m\u0131zda"},"content":{"rendered":"\t\t<div data-elementor-type=\"wp-page\" data-elementor-id=\"113\" class=\"elementor elementor-113\">\n\t\t\t\t<div class=\"elementor-element elementor-element-599558e e-con-full e-flex e-con e-parent\" data-id=\"599558e\" data-element_type=\"container\" data-e-type=\"container\">\n\t\t\t\t<div class=\"elementor-element elementor-element-ce12fc6 elementor-invisible elementor-widget elementor-widget-heading\" data-id=\"ce12fc6\" data-element_type=\"widget\" data-e-type=\"widget\" data-settings=\"{&quot;_animation&quot;:&quot;zoomIn&quot;}\" data-widget_type=\"heading.default\">\n\t\t\t\t\t<h1 class=\"elementor-heading-title elementor-size-default\">Hakk\u0131m\u0131zda<\/h1>\t\t\t\t<\/div>\n\t\t\t\t<\/div>\n\t\t<div class=\"elementor-element elementor-element-e914bd0 e-con-full e-flex e-con e-parent\" data-id=\"e914bd0\" data-element_type=\"container\" data-e-type=\"container\">\n\t\t<div class=\"elementor-element elementor-element-4786325 e-con-full e-flex e-con e-child\" data-id=\"4786325\" data-element_type=\"container\" data-e-type=\"container\">\n\t\t\t\t<div class=\"elementor-element elementor-element-19de795 elementor-widget elementor-widget-image\" data-id=\"19de795\" data-element_type=\"widget\" data-e-type=\"widget\" data-widget_type=\"image.default\">\n\t\t\t\t\t\t\t\t\t\t\t\t\t\t\t<img fetchpriority=\"high\" decoding=\"async\" width=\"1024\" height=\"636\" src=\"https:\/\/hakan.oguzhansenyigit.com\/wp-content\/uploads\/2025\/08\/Ekran-goruntusu-2025-08-05-183629-1024x636.png\" class=\"attachment-large size-large wp-image-72\" alt=\"\" srcset=\"https:\/\/hakan.oguzhansenyigit.com\/wp-content\/uploads\/2025\/08\/Ekran-goruntusu-2025-08-05-183629-1024x636.png 1024w, https:\/\/hakan.oguzhansenyigit.com\/wp-content\/uploads\/2025\/08\/Ekran-goruntusu-2025-08-05-183629-300x186.png 300w, https:\/\/hakan.oguzhansenyigit.com\/wp-content\/uploads\/2025\/08\/Ekran-goruntusu-2025-08-05-183629-768x477.png 768w, https:\/\/hakan.oguzhansenyigit.com\/wp-content\/uploads\/2025\/08\/Ekran-goruntusu-2025-08-05-183629.png 1369w\" sizes=\"(max-width: 1024px) 100vw, 1024px\" \/>\t\t\t\t\t\t\t\t\t\t\t\t\t\t\t<\/div>\n\t\t\t\t<\/div>\n\t\t<div class=\"elementor-element elementor-element-afef9a9 e-con-full e-flex e-con e-child\" data-id=\"afef9a9\" data-element_type=\"container\" data-e-type=\"container\">\n\t\t\t\t<div class=\"elementor-element elementor-element-6d16d30 elementor-widget elementor-widget-heading\" data-id=\"6d16d30\" data-element_type=\"widget\" data-e-type=\"widget\" data-widget_type=\"heading.default\">\n\t\t\t\t\t<h2 class=\"elementor-heading-title elementor-size-default\">Can Plastik \u0130malat Sanayi<\/h2>\t\t\t\t<\/div>\n\t\t\t\t<div class=\"elementor-element elementor-element-d904f6b elementor-widget elementor-widget-text-editor\" data-id=\"d904f6b\" data-element_type=\"widget\" data-e-type=\"widget\" data-widget_type=\"text-editor.default\">\n\t\t\t\t\t\t\t\t\t<p>Firmam\u0131z 1997 y\u0131l\u0131nda kurulmu\u015f olup kuruldu\u011fu g\u00fcnden g\u00fcn\u00fcm\u00fcze kendini yenilemeyi ilke edinmi\u015ftir ve bu yolda \u00e7al\u0131\u015fmalar\u0131n\u0131 s\u00fcrd\u00fcrm\u00fc\u015ft\u00fcr.<\/p>\n<p>B\u00fcnyesinde bulunan muhtelif tonaj ve gramajlardaki enjeksiyon presleri ile \u00fclkemizin kendi sekt\u00f6rlerinde iddial\u0131 firmalar\u0131na plastik ve kal\u0131p imalat\u0131 konular\u0131nda \u00e7\u00f6z\u00fcm ortakl\u0131\u011f\u0131 yapmaktad\u0131r.<br><\/p>\n<p>Ayr\u0131ca firmam\u0131z 2007 y\u0131l\u0131 itibar\u0131 ile g\u0131da ile temas eden madde ve malzemeleri \u00fcreten i\u015fyerlerine ait g\u0131da sicil belgesini ve ISO 9001 kalite g\u00fcvence belgesini b\u00fcnyesine katm\u0131\u015ft\u0131r.<\/p>\n<p>Sayg\u0131lar\u0131m\u0131zla&#8230;<\/p>\t\t\t\t\t\t\t\t<\/div>\n\t\t\t\t<\/div>\n\t\t\t\t<\/div>\n\t\t<div class=\"elementor-element elementor-element-962f8be e-con-full e-flex e-con e-parent\" data-id=\"962f8be\" data-element_type=\"container\" data-e-type=\"container\">\n\t\t<div class=\"elementor-element elementor-element-77f5dac e-con-full e-flex e-con e-child\" data-id=\"77f5dac\" data-element_type=\"container\" data-e-type=\"container\">\n\t\t\t\t<div class=\"elementor-element elementor-element-320d169 elementor-widget elementor-widget-heading\" data-id=\"320d169\" data-element_type=\"widget\" data-e-type=\"widget\" data-widget_type=\"heading.default\">\n\t\t\t\t\t<h2 class=\"elementor-heading-title elementor-size-default\">About Us<\/h2>\t\t\t\t<\/div>\n\t\t\t\t<div class=\"elementor-element elementor-element-2d6edbc elementor-widget elementor-widget-text-editor\" data-id=\"2d6edbc\" data-element_type=\"widget\" data-e-type=\"widget\" data-widget_type=\"text-editor.default\">\n\t\t\t\t\t\t\t\t\t<p>Our company was established on 1997 and by the begining date of the professional life, our vision is that renew in all processes continouosly and go on that professional life.<\/p><p>In hold injection presses, which are sutable and variable type of tonage and the mould technologies, as the claimed firm to support the solution shareholder in any subject which is our profossional work life in the plastic sector of home country.<\/p><p>Moreover, our company by the year 2007 the materials and articles in contact with food-producing businesses, and ISO 9001 quality assurance certificate of registration certificate of the food is acquired.<\/p><p>Best Regards&#8230;<\/p>\t\t\t\t\t\t\t\t<\/div>\n\t\t\t\t<\/div>\n\t\t<div class=\"elementor-element elementor-element-4123533 e-con-full e-flex e-con e-child\" data-id=\"4123533\" data-element_type=\"container\" data-e-type=\"container\">\n\t\t\t\t<div class=\"elementor-element elementor-element-14c54df elementor-widget elementor-widget-image\" data-id=\"14c54df\" data-element_type=\"widget\" data-e-type=\"widget\" data-widget_type=\"image.default\">\n\t\t\t\t\t\t\t\t\t\t\t\t\t\t\t<img decoding=\"async\" width=\"1024\" height=\"697\" src=\"https:\/\/hakan.oguzhansenyigit.com\/wp-content\/uploads\/2025\/08\/pexels-236705-1024x697.jpeg\" class=\"attachment-large size-large wp-image-116\" alt=\"Expansive industrial warehouse interior showcasing steel framework and spacious layout for diverse manufacturing needs.\" srcset=\"https:\/\/hakan.oguzhansenyigit.com\/wp-content\/uploads\/2025\/08\/pexels-236705-1024x697.jpeg 1024w, https:\/\/hakan.oguzhansenyigit.com\/wp-content\/uploads\/2025\/08\/pexels-236705-300x204.jpeg 300w, https:\/\/hakan.oguzhansenyigit.com\/wp-content\/uploads\/2025\/08\/pexels-236705-768x523.jpeg 768w, https:\/\/hakan.oguzhansenyigit.com\/wp-content\/uploads\/2025\/08\/pexels-236705-1536x1045.jpeg 1536w, https:\/\/hakan.oguzhansenyigit.com\/wp-content\/uploads\/2025\/08\/pexels-236705-1587x1080.jpeg 1587w, https:\/\/hakan.oguzhansenyigit.com\/wp-content\/uploads\/2025\/08\/pexels-236705.jpeg 1600w\" sizes=\"(max-width: 1024px) 100vw, 1024px\" \/>\t\t\t\t\t\t\t\t\t\t\t\t\t\t\t<\/div>\n\t\t\t\t<\/div>\n\t\t\t\t<\/div>\n\t\t<div class=\"elementor-element elementor-element-cedb844 e-con-full e-flex e-con e-parent\" data-id=\"cedb844\" data-element_type=\"container\" data-e-type=\"container\">\n\t\t\t\t<div class=\"elementor-element elementor-element-03ceaef elementor-widget-divider--view-line elementor-widget elementor-widget-divider\" data-id=\"03ceaef\" data-element_type=\"widget\" data-e-type=\"widget\" data-widget_type=\"divider.default\">\n\t\t\t\t\t\t\t<div class=\"elementor-divider\">\n\t\t\t<span class=\"elementor-divider-separator\">\n\t\t\t\t\t\t<\/span>\n\t\t<\/div>\n\t\t\t\t\t\t<\/div>\n\t\t\t\t<\/div>\n\t\t\t\t<\/div>\n\t\t","protected":false},"excerpt":{"rendered":"<p>Hakk\u0131m\u0131zda Can Plastik \u0130malat Sanayi Firmam\u0131z 1997 y\u0131l\u0131nda kurulmu\u015f olup kuruldu\u011fu g\u00fcnden g\u00fcn\u00fcm\u00fcze kendini yenilemeyi ilke edinmi\u015ftir ve bu yolda \u00e7al\u0131\u015fmalar\u0131n\u0131 s\u00fcrd\u00fcrm\u00fc\u015ft\u00fcr. B\u00fcnyesinde bulunan muhtelif tonaj ve gramajlardaki enjeksiyon presleri ile \u00fclkemizin kendi sekt\u00f6rlerinde iddial\u0131 firmalar\u0131na plastik ve kal\u0131p imalat\u0131 konular\u0131nda \u00e7\u00f6z\u00fcm ortakl\u0131\u011f\u0131 yapmaktad\u0131r. Ayr\u0131ca firmam\u0131z 2007 y\u0131l\u0131 itibar\u0131 ile g\u0131da ile temas eden madde [&hellip;]<\/p>\n","protected":false},"author":1,"featured_media":0,"parent":0,"menu_order":0,"comment_status":"closed","ping_status":"closed","template":"elementor_header_footer","meta":{"saved_in_kubio":true,"footnotes":""},"class_list":["post-113","page","type-page","status-publish","hentry"],"kubio_ai_page_context":{"short_desc":"","purpose":"general"},"jetpack_sharing_enabled":true,"_links":{"self":[{"href":"https:\/\/hakan.oguzhansenyigit.com\/index.php\/wp-json\/wp\/v2\/pages\/113","targetHints":{"allow":["GET"]}}],"collection":[{"href":"https:\/\/hakan.oguzhansenyigit.com\/index.php\/wp-json\/wp\/v2\/pages"}],"about":[{"href":"https:\/\/hakan.oguzhansenyigit.com\/index.php\/wp-json\/wp\/v2\/types\/page"}],"author":[{"embeddable":true,"href":"https:\/\/hakan.oguzhansenyigit.com\/index.php\/wp-json\/wp\/v2\/users\/1"}],"replies":[{"embeddable":true,"href":"https:\/\/hakan.oguzhansenyigit.com\/index.php\/wp-json\/wp\/v2\/comments?post=113"}],"version-history":[{"count":20,"href":"https:\/\/hakan.oguzhansenyigit.com\/index.php\/wp-json\/wp\/v2\/pages\/113\/revisions"}],"predecessor-version":[{"id":351,"href":"https:\/\/hakan.oguzhansenyigit.com\/index.php\/wp-json\/wp\/v2\/pages\/113\/revisions\/351"}],"wp:attachment":[{"href":"https:\/\/hakan.oguzhansenyigit.com\/index.php\/wp-json\/wp\/v2\/media?parent=113"}],"curies":[{"name":"wp","href":"https:\/\/api.w.org\/{rel}","templated":true}]}}