{"id":228,"date":"2025-08-07T15:25:36","date_gmt":"2025-08-07T15:25:36","guid":{"rendered":"https:\/\/hakan.oguzhansenyigit.com\/?page_id=228"},"modified":"2025-08-07T20:58:09","modified_gmt":"2025-08-07T20:58:09","slug":"duyurular","status":"publish","type":"page","link":"https:\/\/hakan.oguzhansenyigit.com\/index.php\/duyurular\/","title":{"rendered":"Duyurular"},"content":{"rendered":"\t\t<div data-elementor-type=\"wp-page\" data-elementor-id=\"228\" class=\"elementor elementor-228\">\n\t\t\t\t<div class=\"elementor-element elementor-element-5e6567f e-flex e-con-boxed e-con e-parent\" data-id=\"5e6567f\" data-element_type=\"container\" data-e-type=\"container\">\n\t\t\t\t\t<div class=\"e-con-inner\">\n\t\t\t\t<div class=\"elementor-element elementor-element-a5c578f animated-slow elementor-invisible elementor-widget elementor-widget-heading\" data-id=\"a5c578f\" data-element_type=\"widget\" data-e-type=\"widget\" data-settings=\"{&quot;_animation&quot;:&quot;zoomIn&quot;}\" data-widget_type=\"heading.default\">\n\t\t\t\t\t<h2 class=\"elementor-heading-title elementor-size-default\">DUYURULAR<\/h2>\t\t\t\t<\/div>\n\t\t\t\t\t<\/div>\n\t\t\t\t<\/div>\n\t\t<div class=\"elementor-element elementor-element-938e44f e-flex e-con-boxed e-con e-parent\" data-id=\"938e44f\" data-element_type=\"container\" data-e-type=\"container\">\n\t\t\t\t\t<div class=\"e-con-inner\">\n\t\t\t\t<div class=\"elementor-element elementor-element-154ccc6 elementor-arrows-position-inside elementor-pagination-position-outside elementor-widget elementor-widget-image-carousel\" data-id=\"154ccc6\" data-element_type=\"widget\" data-e-type=\"widget\" data-settings=\"{&quot;slides_to_show&quot;:&quot;1&quot;,&quot;autoplay_speed&quot;:3500,&quot;speed&quot;:530,&quot;navigation&quot;:&quot;both&quot;,&quot;autoplay&quot;:&quot;yes&quot;,&quot;pause_on_hover&quot;:&quot;yes&quot;,&quot;pause_on_interaction&quot;:&quot;yes&quot;,&quot;infinite&quot;:&quot;yes&quot;,&quot;effect&quot;:&quot;slide&quot;}\" data-widget_type=\"image-carousel.default\">\n\t\t\t\t\t\t\t<div class=\"elementor-image-carousel-wrapper swiper\" role=\"region\" aria-roledescription=\"carousel\" aria-label=\"Resim D\u00f6ng\u00fcs\u00fc\" dir=\"ltr\">\n\t\t\t<div class=\"elementor-image-carousel swiper-wrapper\" aria-live=\"off\">\n\t\t\t\t\t\t\t\t<div class=\"swiper-slide\" role=\"group\" aria-roledescription=\"slide\" aria-label=\"1 \/ 3\"><figure class=\"swiper-slide-inner\"><img decoding=\"async\" class=\"swiper-slide-image\" src=\"https:\/\/hakan.oguzhansenyigit.com\/wp-content\/uploads\/2025\/08\/1-1024x576.png\" alt=\"1\" \/><\/figure><\/div><div class=\"swiper-slide\" role=\"group\" aria-roledescription=\"slide\" aria-label=\"2 \/ 3\"><figure class=\"swiper-slide-inner\"><img decoding=\"async\" class=\"swiper-slide-image\" src=\"https:\/\/hakan.oguzhansenyigit.com\/wp-content\/uploads\/2025\/08\/2-1024x576.png\" alt=\"2\" \/><\/figure><\/div><div class=\"swiper-slide\" role=\"group\" aria-roledescription=\"slide\" aria-label=\"3 \/ 3\"><figure class=\"swiper-slide-inner\"><img decoding=\"async\" class=\"swiper-slide-image\" src=\"https:\/\/hakan.oguzhansenyigit.com\/wp-content\/uploads\/2025\/08\/Adsiz-tasarim-7-1024x576.png\" alt=\"Ads\u0131z tasar\u0131m (7)\" \/><\/figure><\/div>\t\t\t<\/div>\n\t\t\t\t\t\t\t\t\t\t\t\t<div class=\"elementor-swiper-button elementor-swiper-button-prev\" role=\"button\" tabindex=\"0\">\n\t\t\t\t\t\t<svg aria-hidden=\"true\" class=\"e-font-icon-svg e-eicon-chevron-left\" viewBox=\"0 0 1000 1000\" xmlns=\"http:\/\/www.w3.org\/2000\/svg\"><path d=\"M646 125C629 125 613 133 604 142L308 442C296 454 292 471 292 487 292 504 296 521 308 533L604 854C617 867 629 875 646 875 663 875 679 871 692 858 704 846 713 829 713 812 713 796 708 779 692 767L438 487 692 225C700 217 708 204 708 187 708 171 704 154 692 142 675 129 663 125 646 125Z\"><\/path><\/svg>\t\t\t\t\t<\/div>\n\t\t\t\t\t<div class=\"elementor-swiper-button elementor-swiper-button-next\" role=\"button\" tabindex=\"0\">\n\t\t\t\t\t\t<svg aria-hidden=\"true\" class=\"e-font-icon-svg e-eicon-chevron-right\" viewBox=\"0 0 1000 1000\" xmlns=\"http:\/\/www.w3.org\/2000\/svg\"><path d=\"M696 533C708 521 713 504 713 487 713 471 708 454 696 446L400 146C388 133 375 125 354 125 338 125 325 129 313 142 300 154 292 171 292 187 292 204 296 221 308 233L563 492 304 771C292 783 288 800 288 817 288 833 296 850 308 863 321 871 338 875 354 875 371 875 388 867 400 854L696 533Z\"><\/path><\/svg>\t\t\t\t\t<\/div>\n\t\t\t\t\n\t\t\t\t\t\t\t\t\t<div class=\"swiper-pagination\"><\/div>\n\t\t\t\t\t\t\t\t\t<\/div>\n\t\t\t\t\t\t<\/div>\n\t\t\t\t\t<\/div>\n\t\t\t\t<\/div>\n\t\t<div class=\"elementor-element elementor-element-d23e95f e-flex e-con-boxed e-con e-parent\" data-id=\"d23e95f\" data-element_type=\"container\" data-e-type=\"container\">\n\t\t\t\t\t<div class=\"e-con-inner\">\n\t\t\t\t<div class=\"elementor-element elementor-element-f1b0f3f elementor-widget elementor-widget-spacer\" data-id=\"f1b0f3f\" data-element_type=\"widget\" data-e-type=\"widget\" data-widget_type=\"spacer.default\">\n\t\t\t\t\t\t\t<div class=\"elementor-spacer\">\n\t\t\t<div class=\"elementor-spacer-inner\"><\/div>\n\t\t<\/div>\n\t\t\t\t\t\t<\/div>\n\t\t\t\t\t<\/div>\n\t\t\t\t<\/div>\n\t\t<div class=\"elementor-element elementor-element-877b2c1 e-con-full e-flex e-con e-parent\" data-id=\"877b2c1\" data-element_type=\"container\" data-e-type=\"container\">\n\t\t\t\t<div class=\"elementor-element elementor-element-04d569c elementor-widget elementor-widget-heading\" data-id=\"04d569c\" data-element_type=\"widget\" data-e-type=\"widget\" data-widget_type=\"heading.default\">\n\t\t\t\t\t<h2 class=\"elementor-heading-title elementor-size-default\">KOSGEB AR-GE Projesi Ba\u015far\u0131 ile sonu\u00e7land\u0131<\/h2>\t\t\t\t<\/div>\n\t\t<div class=\"elementor-element elementor-element-432168a e-con-full e-flex e-con e-child\" data-id=\"432168a\" data-element_type=\"container\" data-e-type=\"container\">\n\t\t<div class=\"elementor-element elementor-element-033f460 e-con-full e-flex e-con e-child\" data-id=\"033f460\" data-element_type=\"container\" data-e-type=\"container\">\n\t\t\t\t<div class=\"elementor-element elementor-element-dc3163d elementor-widget elementor-widget-image\" data-id=\"dc3163d\" data-element_type=\"widget\" data-e-type=\"widget\" data-widget_type=\"image.default\">\n\t\t\t\t\t\t\t\t\t\t\t\t\t\t\t<img fetchpriority=\"high\" decoding=\"async\" width=\"835\" height=\"554\" src=\"https:\/\/hakan.oguzhansenyigit.com\/wp-content\/uploads\/2025\/08\/Ekran-goruntusu-2025-08-07-022714-e1754599441864.png\" class=\"attachment-large size-large wp-image-75\" alt=\"\" srcset=\"https:\/\/hakan.oguzhansenyigit.com\/wp-content\/uploads\/2025\/08\/Ekran-goruntusu-2025-08-07-022714-e1754599441864.png 835w, https:\/\/hakan.oguzhansenyigit.com\/wp-content\/uploads\/2025\/08\/Ekran-goruntusu-2025-08-07-022714-e1754599441864-300x199.png 300w, https:\/\/hakan.oguzhansenyigit.com\/wp-content\/uploads\/2025\/08\/Ekran-goruntusu-2025-08-07-022714-e1754599441864-768x510.png 768w, https:\/\/hakan.oguzhansenyigit.com\/wp-content\/uploads\/2025\/08\/Ekran-goruntusu-2025-08-07-022714-e1754599441864-600x398.png 600w\" sizes=\"(max-width: 835px) 100vw, 835px\" \/>\t\t\t\t\t\t\t\t\t\t\t\t\t\t\t<\/div>\n\t\t\t\t<\/div>\n\t\t<div class=\"elementor-element elementor-element-0c44811 e-con-full e-flex e-con e-child\" data-id=\"0c44811\" data-element_type=\"container\" data-e-type=\"container\">\n\t\t\t\t<div class=\"elementor-element elementor-element-7c9b009 elementor-widget elementor-widget-text-editor\" data-id=\"7c9b009\" data-element_type=\"widget\" data-e-type=\"widget\" data-widget_type=\"text-editor.default\">\n\t\t\t\t\t\t\t\t\t<p><b>Vajinal Aplikat\u00f6r<br><br><\/b><\/p>\n<p>Vajinal hastal\u0131klar\u0131n tedavilerinde kullan\u0131lan \u00fcr\u00fcn\u00fcm\u00fcz, 2016-2017 y\u0131l\u0131nda Sakarya KOSGEB b\u00fcnyesinde AR-GE Destek program\u0131nda tasarlanarak \u00fcretimi ba\u015far\u0131 ile neticelendirilmi\u015ftir. T\u00fcrkiye\u2019de ilk ve tek \u00fcreticisi firmam\u0131zd\u0131r ve tasar\u0131m tescillidir.<\/p>\n<p><br><\/p>\n<p><br><\/p>\n<p><b>Vaginal Aplicators<br><br><\/b><\/p>\n<p>Our products are used in the treatment of vaginal disease, KOSGEB Sakarya in 2016-2017 designed to support R &amp; D program has been finalized with the production success. Our first and only manufacturer and design company in Turkey is registered.<\/p>\t\t\t\t\t\t\t\t<\/div>\n\t\t\t\t<\/div>\n\t\t\t\t<\/div>\n\t\t\t\t<\/div>\n\t\t<div class=\"elementor-element elementor-element-5594e21 e-flex e-con-boxed e-con e-parent\" data-id=\"5594e21\" data-element_type=\"container\" data-e-type=\"container\">\n\t\t\t\t\t<div class=\"e-con-inner\">\n\t\t\t\t<div class=\"elementor-element elementor-element-756b251 elementor-widget elementor-widget-spacer\" data-id=\"756b251\" data-element_type=\"widget\" data-e-type=\"widget\" data-widget_type=\"spacer.default\">\n\t\t\t\t\t\t\t<div class=\"elementor-spacer\">\n\t\t\t<div class=\"elementor-spacer-inner\"><\/div>\n\t\t<\/div>\n\t\t\t\t\t\t<\/div>\n\t\t\t\t\t<\/div>\n\t\t\t\t<\/div>\n\t\t<div class=\"elementor-element elementor-element-08e276c e-con-full e-flex e-con e-parent\" data-id=\"08e276c\" data-element_type=\"container\" data-e-type=\"container\">\n\t\t\t\t<div class=\"elementor-element elementor-element-7030efc elementor-widget elementor-widget-heading\" data-id=\"7030efc\" data-element_type=\"widget\" data-e-type=\"widget\" data-widget_type=\"heading.default\">\n\t\t\t\t\t<h2 class=\"elementor-heading-title elementor-size-default\">KOSGEB AR-GE Projesi Ba\u015far\u0131 ile sonu\u00e7land\u0131<\/h2>\t\t\t\t<\/div>\n\t\t<div class=\"elementor-element elementor-element-4664467 e-con-full e-flex e-con e-child\" data-id=\"4664467\" data-element_type=\"container\" data-e-type=\"container\">\n\t\t<div class=\"elementor-element elementor-element-a78de52 e-con-full e-flex e-con e-child\" data-id=\"a78de52\" data-element_type=\"container\" data-e-type=\"container\">\n\t\t\t\t<div class=\"elementor-element elementor-element-58aefb7 elementor-widget elementor-widget-image\" data-id=\"58aefb7\" data-element_type=\"widget\" data-e-type=\"widget\" data-widget_type=\"image.default\">\n\t\t\t\t\t\t\t\t\t\t\t\t\t\t\t<img decoding=\"async\" width=\"690\" height=\"468\" src=\"https:\/\/hakan.oguzhansenyigit.com\/wp-content\/uploads\/2025\/08\/1-damla-sulama-e1754599788457.jpg\" class=\"attachment-large size-large wp-image-93\" alt=\"\" srcset=\"https:\/\/hakan.oguzhansenyigit.com\/wp-content\/uploads\/2025\/08\/1-damla-sulama-e1754599788457.jpg 690w, https:\/\/hakan.oguzhansenyigit.com\/wp-content\/uploads\/2025\/08\/1-damla-sulama-e1754599788457-300x203.jpg 300w, https:\/\/hakan.oguzhansenyigit.com\/wp-content\/uploads\/2025\/08\/1-damla-sulama-e1754599788457-600x407.jpg 600w\" sizes=\"(max-width: 690px) 100vw, 690px\" \/>\t\t\t\t\t\t\t\t\t\t\t\t\t\t\t<\/div>\n\t\t\t\t<\/div>\n\t\t<div class=\"elementor-element elementor-element-dbb9344 e-con-full e-flex e-con e-child\" data-id=\"dbb9344\" data-element_type=\"container\" data-e-type=\"container\">\n\t\t\t\t<div class=\"elementor-element elementor-element-e1d7f4c elementor-widget elementor-widget-text-editor\" data-id=\"e1d7f4c\" data-element_type=\"widget\" data-e-type=\"widget\" data-widget_type=\"text-editor.default\">\n\t\t\t\t\t\t\t\t\t<p><b>Damla Sulama<\/b><\/p><p><b><br><\/b><\/p>\n<p>\u00dcr\u00fcn\u00fcm\u00fcz 2012-2013 y\u0131l\u0131nda Sakarya Kosgeb b\u00fcnyesinde AR-GE Destek program\u0131nda tasarlanarak \u00fcretimi ba\u015far\u0131 ile neticelendirilmi\u015ftir. Kosgeb personeline bu AR-GE projemizdeki katk\u0131lar\u0131ndan dolay\u0131 te\u015fekk\u00fcr ederiz.<\/p><p><br><\/p><p><br><\/p>\n<p><b>Drip Irrigation<\/b><\/p><p><b><br><\/b><\/p>\n<p>Our product R &amp; D support programs in 2012-2013 within the designed production Sakarya Kosgeb successfully concluded.Kosgeb Thank you for your contribution to our project R &amp; D staff from these.<\/p>\t\t\t\t\t\t\t\t<\/div>\n\t\t\t\t<\/div>\n\t\t\t\t<\/div>\n\t\t\t\t<\/div>\n\t\t<div class=\"elementor-element elementor-element-66b9711 e-flex e-con-boxed e-con e-parent\" data-id=\"66b9711\" data-element_type=\"container\" data-e-type=\"container\">\n\t\t\t\t\t<div class=\"e-con-inner\">\n\t\t\t\t<div class=\"elementor-element elementor-element-3f89813 elementor-widget elementor-widget-spacer\" data-id=\"3f89813\" data-element_type=\"widget\" data-e-type=\"widget\" data-widget_type=\"spacer.default\">\n\t\t\t\t\t\t\t<div class=\"elementor-spacer\">\n\t\t\t<div class=\"elementor-spacer-inner\"><\/div>\n\t\t<\/div>\n\t\t\t\t\t\t<\/div>\n\t\t\t\t\t<\/div>\n\t\t\t\t<\/div>\n\t\t<div class=\"elementor-element elementor-element-27e8686 e-con-full e-flex e-con e-parent\" data-id=\"27e8686\" data-element_type=\"container\" data-e-type=\"container\">\n\t\t\t\t<div class=\"elementor-element elementor-element-721380f elementor-widget elementor-widget-heading\" data-id=\"721380f\" data-element_type=\"widget\" data-e-type=\"widget\" data-widget_type=\"heading.default\">\n\t\t\t\t\t<h2 class=\"elementor-heading-title elementor-size-default\">WEB SAYFAMIZ YEN\u0130LEND\u0130!<\/h2>\t\t\t\t<\/div>\n\t\t<div class=\"elementor-element elementor-element-1033620 e-con-full e-flex e-con e-child\" data-id=\"1033620\" data-element_type=\"container\" data-e-type=\"container\">\n\t\t\t\t<div class=\"elementor-element elementor-element-da8f5fd elementor-widget elementor-widget-image\" data-id=\"da8f5fd\" data-element_type=\"widget\" data-e-type=\"widget\" data-widget_type=\"image.default\">\n\t\t\t\t\t\t\t\t\t\t\t\t\t\t\t<img decoding=\"async\" width=\"1024\" height=\"464\" src=\"https:\/\/hakan.oguzhansenyigit.com\/wp-content\/uploads\/2025\/08\/3-e1754600000246-1024x464.png\" class=\"attachment-large size-large wp-image-268\" alt=\"\" srcset=\"https:\/\/hakan.oguzhansenyigit.com\/wp-content\/uploads\/2025\/08\/3-e1754600000246-1024x464.png 1024w, https:\/\/hakan.oguzhansenyigit.com\/wp-content\/uploads\/2025\/08\/3-e1754600000246-300x136.png 300w, https:\/\/hakan.oguzhansenyigit.com\/wp-content\/uploads\/2025\/08\/3-e1754600000246-768x348.png 768w, https:\/\/hakan.oguzhansenyigit.com\/wp-content\/uploads\/2025\/08\/3-e1754600000246-1536x696.png 1536w, https:\/\/hakan.oguzhansenyigit.com\/wp-content\/uploads\/2025\/08\/3-e1754600000246-1320x598.png 1320w, https:\/\/hakan.oguzhansenyigit.com\/wp-content\/uploads\/2025\/08\/3-e1754600000246-600x272.png 600w, https:\/\/hakan.oguzhansenyigit.com\/wp-content\/uploads\/2025\/08\/3-e1754600000246.png 1920w\" sizes=\"(max-width: 1024px) 100vw, 1024px\" \/>\t\t\t\t\t\t\t\t\t\t\t\t\t\t\t<\/div>\n\t\t\t\t<\/div>\n\t\t\t\t<\/div>\n\t\t<div class=\"elementor-element elementor-element-df81c3d e-flex e-con-boxed e-con e-parent\" data-id=\"df81c3d\" data-element_type=\"container\" data-e-type=\"container\">\n\t\t\t\t\t<div class=\"e-con-inner\">\n\t\t\t\t<div class=\"elementor-element elementor-element-35b5e26 elementor-widget elementor-widget-spacer\" data-id=\"35b5e26\" data-element_type=\"widget\" data-e-type=\"widget\" data-widget_type=\"spacer.default\">\n\t\t\t\t\t\t\t<div class=\"elementor-spacer\">\n\t\t\t<div class=\"elementor-spacer-inner\"><\/div>\n\t\t<\/div>\n\t\t\t\t\t\t<\/div>\n\t\t\t\t\t<\/div>\n\t\t\t\t<\/div>\n\t\t\t\t<\/div>\n\t\t","protected":false},"excerpt":{"rendered":"<p>DUYURULAR KOSGEB AR-GE Projesi Ba\u015far\u0131 ile sonu\u00e7land\u0131 Vajinal Aplikat\u00f6r Vajinal hastal\u0131klar\u0131n tedavilerinde kullan\u0131lan \u00fcr\u00fcn\u00fcm\u00fcz, 2016-2017 y\u0131l\u0131nda Sakarya KOSGEB b\u00fcnyesinde AR-GE Destek program\u0131nda tasarlanarak \u00fcretimi ba\u015far\u0131 ile neticelendirilmi\u015ftir. T\u00fcrkiye\u2019de ilk ve tek \u00fcreticisi firmam\u0131zd\u0131r ve tasar\u0131m tescillidir. Vaginal Aplicators Our products are used in the treatment of vaginal disease, KOSGEB Sakarya in 2016-2017 designed to support [&hellip;]<\/p>\n","protected":false},"author":1,"featured_media":0,"parent":0,"menu_order":0,"comment_status":"closed","ping_status":"closed","template":"elementor_header_footer","meta":{"saved_in_kubio":false,"footnotes":""},"class_list":["post-228","page","type-page","status-publish","hentry"],"kubio_ai_page_context":{"short_desc":"","purpose":"general"},"jetpack_sharing_enabled":true,"_links":{"self":[{"href":"https:\/\/hakan.oguzhansenyigit.com\/index.php\/wp-json\/wp\/v2\/pages\/228","targetHints":{"allow":["GET"]}}],"collection":[{"href":"https:\/\/hakan.oguzhansenyigit.com\/index.php\/wp-json\/wp\/v2\/pages"}],"about":[{"href":"https:\/\/hakan.oguzhansenyigit.com\/index.php\/wp-json\/wp\/v2\/types\/page"}],"author":[{"embeddable":true,"href":"https:\/\/hakan.oguzhansenyigit.com\/index.php\/wp-json\/wp\/v2\/users\/1"}],"replies":[{"embeddable":true,"href":"https:\/\/hakan.oguzhansenyigit.com\/index.php\/wp-json\/wp\/v2\/comments?post=228"}],"version-history":[{"count":13,"href":"https:\/\/hakan.oguzhansenyigit.com\/index.php\/wp-json\/wp\/v2\/pages\/228\/revisions"}],"predecessor-version":[{"id":279,"href":"https:\/\/hakan.oguzhansenyigit.com\/index.php\/wp-json\/wp\/v2\/pages\/228\/revisions\/279"}],"wp:attachment":[{"href":"https:\/\/hakan.oguzhansenyigit.com\/index.php\/wp-json\/wp\/v2\/media?parent=228"}],"curies":[{"name":"wp","href":"https:\/\/api.w.org\/{rel}","templated":true}]}}