{"id":233,"date":"2025-08-07T15:25:57","date_gmt":"2025-08-07T15:25:57","guid":{"rendered":"https:\/\/hakan.oguzhansenyigit.com\/?page_id=233"},"modified":"2025-08-07T21:33:34","modified_gmt":"2025-08-07T21:33:34","slug":"iletisim","status":"publish","type":"page","link":"https:\/\/hakan.oguzhansenyigit.com\/index.php\/iletisim\/","title":{"rendered":"\u0130leti\u015fim"},"content":{"rendered":"\t\t<div data-elementor-type=\"wp-page\" data-elementor-id=\"233\" class=\"elementor elementor-233\">\n\t\t\t\t<div class=\"elementor-element elementor-element-1237f55 e-flex e-con-boxed e-con e-parent\" data-id=\"1237f55\" data-element_type=\"container\" data-e-type=\"container\">\n\t\t\t\t\t<div class=\"e-con-inner\">\n\t\t\t\t<div class=\"elementor-element elementor-element-b1bc8d2 animated-slow elementor-invisible elementor-widget elementor-widget-heading\" data-id=\"b1bc8d2\" data-element_type=\"widget\" data-e-type=\"widget\" data-settings=\"{&quot;_animation&quot;:&quot;zoomIn&quot;}\" data-widget_type=\"heading.default\">\n\t\t\t\t\t<h2 class=\"elementor-heading-title elementor-size-default\">\u0130LET\u0130\u015e\u0130M<\/h2>\t\t\t\t<\/div>\n\t\t\t\t\t<\/div>\n\t\t\t\t<\/div>\n\t\t<div class=\"elementor-element elementor-element-91b85bd e-flex e-con-boxed e-con e-parent\" data-id=\"91b85bd\" data-element_type=\"container\" data-e-type=\"container\">\n\t\t\t\t\t<div class=\"e-con-inner\">\n\t\t\t\t<div class=\"elementor-element elementor-element-9898e30 elementor-widget elementor-widget-heading\" data-id=\"9898e30\" data-element_type=\"widget\" data-e-type=\"widget\" data-widget_type=\"heading.default\">\n\t\t\t\t\t<h2 class=\"elementor-heading-title elementor-size-default\">Can Plastik \u0130malat<\/h2>\t\t\t\t<\/div>\n\t\t\t\t\t<\/div>\n\t\t\t\t<\/div>\n\t\t<div class=\"elementor-element elementor-element-caa74cd e-flex e-con-boxed e-con e-parent\" data-id=\"caa74cd\" data-element_type=\"container\" data-e-type=\"container\">\n\t\t\t\t\t<div class=\"e-con-inner\">\n\t\t\t\t<div class=\"elementor-element elementor-element-918f206 elementor-widget elementor-widget-text-editor\" data-id=\"918f206\" data-element_type=\"widget\" data-e-type=\"widget\" data-widget_type=\"text-editor.default\">\n\t\t\t\t\t\t\t\t\t<p><b>Fabrika Adres | Factory Adress&nbsp;<br><\/b><br>D100 Karayolu 10 Km. K\u00fc\u00e7\u00fckesence Mah. Kaleyan\u0131 No:1 Erenler \/ Sakarya &#8211; T\u00fcrkiye<\/p>\n<p><br><\/p>\n<p><b>E-Posta<\/b><\/p>\n<p>canplastik@gmail.com<\/p>\n<p><br><br><b>Telefon<\/b><\/p>\n<p>0555 700 92 90<\/p>\t\t\t\t\t\t\t\t<\/div>\n\t\t\t\t<div class=\"elementor-element elementor-element-d9a99e5 elementor-widget elementor-widget-button\" data-id=\"d9a99e5\" data-element_type=\"widget\" data-e-type=\"widget\" data-widget_type=\"button.default\">\n\t\t\t\t\t\t\t\t\t\t<a class=\"elementor-button elementor-button-link elementor-size-sm\" href=\"tel:05557009290\">\n\t\t\t\t\t\t<span class=\"elementor-button-content-wrapper\">\n\t\t\t\t\t\t\t\t\t<span class=\"elementor-button-text\">ARA \ud83d\udcde<\/span>\n\t\t\t\t\t<\/span>\n\t\t\t\t\t<\/a>\n\t\t\t\t\t\t\t\t<\/div>\n\t\t\t\t\t<\/div>\n\t\t\t\t<\/div>\n\t\t<div class=\"elementor-element elementor-element-192df44 e-flex e-con-boxed e-con e-parent\" data-id=\"192df44\" data-element_type=\"container\" data-e-type=\"container\">\n\t\t\t\t\t<div class=\"e-con-inner\">\n\t\t\t\t<div class=\"elementor-element elementor-element-e885994 elementor-widget elementor-widget-spacer\" data-id=\"e885994\" data-element_type=\"widget\" data-e-type=\"widget\" data-widget_type=\"spacer.default\">\n\t\t\t\t\t\t\t<div class=\"elementor-spacer\">\n\t\t\t<div class=\"elementor-spacer-inner\"><\/div>\n\t\t<\/div>\n\t\t\t\t\t\t<\/div>\n\t\t\t\t<div class=\"elementor-element elementor-element-ebbce3e elementor-widget elementor-widget-heading\" data-id=\"ebbce3e\" data-element_type=\"widget\" data-e-type=\"widget\" data-widget_type=\"heading.default\">\n\t\t\t\t\t<h2 class=\"elementor-heading-title elementor-size-default\"><b>Fabrika Konumu <\/b><\/h2>\t\t\t\t<\/div>\n\t\t\t\t\t<\/div>\n\t\t\t\t<\/div>\n\t\t<div class=\"elementor-element elementor-element-9457448 e-flex e-con-boxed e-con e-parent\" data-id=\"9457448\" data-element_type=\"container\" data-e-type=\"container\">\n\t\t\t\t\t<div class=\"e-con-inner\">\n\t\t\t\t<div class=\"elementor-element elementor-element-88829bc elementor-widget elementor-widget-google_maps\" data-id=\"88829bc\" data-element_type=\"widget\" data-e-type=\"widget\" data-widget_type=\"google_maps.default\">\n\t\t\t\t\t\t\t<div class=\"elementor-custom-embed\">\n\t\t\t<iframe loading=\"lazy\"\n\t\t\t\t\tsrc=\"https:\/\/maps.google.com\/maps?q=sakarya%20can%20plastik&#038;t=m&#038;z=11&#038;output=embed&#038;iwloc=near\"\n\t\t\t\t\ttitle=\"sakarya can plastik\"\n\t\t\t\t\taria-label=\"sakarya can plastik\"\n\t\t\t><\/iframe>\n\t\t<\/div>\n\t\t\t\t\t\t<\/div>\n\t\t\t\t\t<\/div>\n\t\t\t\t<\/div>\n\t\t\t\t<\/div>\n\t\t","protected":false},"excerpt":{"rendered":"<p>\u0130LET\u0130\u015e\u0130M Can Plastik \u0130malat Fabrika Adres | Factory Adress&nbsp;D100 Karayolu 10 Km. K\u00fc\u00e7\u00fckesence Mah. Kaleyan\u0131 No:1 Erenler \/ Sakarya &#8211; T\u00fcrkiye E-Posta canplastik@gmail.com Telefon 0555 700 92 90 ARA \ud83d\udcde Fabrika Konumu<\/p>\n","protected":false},"author":1,"featured_media":0,"parent":0,"menu_order":0,"comment_status":"closed","ping_status":"closed","template":"elementor_header_footer","meta":{"saved_in_kubio":false,"footnotes":""},"class_list":["post-233","page","type-page","status-publish","hentry"],"kubio_ai_page_context":{"short_desc":"","purpose":"general"},"jetpack_sharing_enabled":true,"_links":{"self":[{"href":"https:\/\/hakan.oguzhansenyigit.com\/index.php\/wp-json\/wp\/v2\/pages\/233","targetHints":{"allow":["GET"]}}],"collection":[{"href":"https:\/\/hakan.oguzhansenyigit.com\/index.php\/wp-json\/wp\/v2\/pages"}],"about":[{"href":"https:\/\/hakan.oguzhansenyigit.com\/index.php\/wp-json\/wp\/v2\/types\/page"}],"author":[{"embeddable":true,"href":"https:\/\/hakan.oguzhansenyigit.com\/index.php\/wp-json\/wp\/v2\/users\/1"}],"replies":[{"embeddable":true,"href":"https:\/\/hakan.oguzhansenyigit.com\/index.php\/wp-json\/wp\/v2\/comments?post=233"}],"version-history":[{"count":7,"href":"https:\/\/hakan.oguzhansenyigit.com\/index.php\/wp-json\/wp\/v2\/pages\/233\/revisions"}],"predecessor-version":[{"id":283,"href":"https:\/\/hakan.oguzhansenyigit.com\/index.php\/wp-json\/wp\/v2\/pages\/233\/revisions\/283"}],"wp:attachment":[{"href":"https:\/\/hakan.oguzhansenyigit.com\/index.php\/wp-json\/wp\/v2\/media?parent=233"}],"curies":[{"name":"wp","href":"https:\/\/api.w.org\/{rel}","templated":true}]}}